{"id":75,"date":"2017-11-26T12:38:11","date_gmt":"2017-11-26T12:38:11","guid":{"rendered":"http:\/\/wordpress1724238.home.pl\/autoinstalator\/wordpressplus1\/?page_id=75"},"modified":"2025-01-10T21:19:13","modified_gmt":"2025-01-10T21:19:13","slug":"kontakt","status":"publish","type":"page","link":"https:\/\/wordpress1724238.home.pl\/autoinstalator\/wordpressplus1\/kontakt\/","title":{"rendered":"Kontakt"},"content":{"rendered":"<p style=\"text-align: center;\"><strong><span style=\"font-size: 18pt; color: #3366ff;\">ZESP\u00d3\u0141 SZK\u00d3\u0141 NR 2<br \/><\/span><\/strong><strong><span style=\"font-size: 18pt; color: #3366ff;\">IM. KS. WARCIS\u0141AWA IV<\/span><\/strong><br \/><strong><span style=\"font-size: 18pt; color: #3366ff;\"> UL. 1-GO MAJA 22<\/span><\/strong><br \/><strong><span style=\"font-size: 18pt; color: #3366ff;\"> 78-400 SZCZECINEK<\/span><\/strong><br \/>sekretariat: +48 94 3740246 lub +48 943714184<br \/>internat: +48 94 3740260<br \/>wicedyrektorzy: +48 943714189,<br \/>kierownik szkolenia praktycznego: +48 943714182 lub +48601948539<br \/>kierownik gospodarczy: +48 943714186,<br \/>ksi\u0119gowo\u015b\u0107 &#8211; g\u0142\u00f3wny ksi\u0119gowy: +48 943714192,<br \/>ksi\u0119gowo\u015b\u0107 &#8211; samodzielny referent ds. ksi\u0119gowych: +48 943714193,<br \/>ksi\u0119gowo\u015b\u0107 &#8211; starszy specjalista ds. ksi\u0119gowo-kadrowych: +48 943714190,<br \/>pedagog: +48 943714199<span style=\"text-decoration: underline;\"><strong>,<br \/><\/strong><\/span>psycholog: +48 943714188,<br \/>pok\u00f3j nauczycielski: +48 943714183,<br \/>biblioteka: +48 943714197<\/p>\n<p style=\"text-align: center;\"><span id=\"cloak5ddaf41635973e179d213a758942c00f\">sekretariat: <a href=\"mailto:sekretariat@zs2warcislaw.eu\" target=\"_blank\" rel=\"noopener\">sekretariat@zs2warcislaw.eu<\/a><\/span><\/p>\n<p style=\"text-align: center;\">ksi\u0119gowo\u015b\u0107: <a href=\"mailto:ksiegowosc@zs2warcislaw.eu\" target=\"_blank\" rel=\"noopener\">ksiegowosc@zs2warcislaw.eu<\/a><\/p>\n<p style=\"text-align: center;\"><a href=\"http:\/\/archiwumzs2.7m.pl\/www.zs2warcislaw.eu%20target=blank\">www.zs2warcislaw.eu<\/a><\/p>\n<p style=\"text-align: center;\"><img decoding=\"async\" class=\"wp-image-2941 alignnone\" src=\"https:\/\/wordpress1724238.home.pl\/autoinstalator\/wordpressplus1\/wp-content\/uploads\/2025\/01\/edoreczenia.png\" alt=\"edoreczenia\" width=\"64\" height=\"42\" \/><br \/>AE:PL-80493-70648-WSVBF-26<\/p>\n<p style=\"text-align: center;\"><a href=\"https:\/\/epuap.gov.pl\/wps\/portal\/strefa-klienta\/katalog-spraw\/profil-urzedu\/zs2szczecinek\" target=\"_blank\" rel=\"noopener\"><img decoding=\"async\" class=\"aligncenter wp-image-1870 size-full\" src=\"https:\/\/wordpress1724238.home.pl\/autoinstalator\/wordpressplus1\/wp-content\/uploads\/2021\/05\/epuap.png\" alt=\"epuap\" width=\"110\" height=\"22\" \/>\/zs2szczecinek\/SkrytkaESP<\/a><\/p>\n<p><a href=\"http:\/\/zs2.szczecinek.ibip.pl\/public\/?id=17235\" target=\"_blank\" rel=\"noopener\"><img decoding=\"async\" class=\"wp-image-2163 aligncenter\" src=\"https:\/\/wordpress1724238.home.pl\/autoinstalator\/wordpressplus1\/wp-content\/uploads\/2022\/05\/pobierz.png\" alt=\"bip\" width=\"141\" height=\"60\" srcset=\"https:\/\/wordpress1724238.home.pl\/autoinstalator\/wordpressplus1\/wp-content\/uploads\/2022\/05\/pobierz.png 345w, https:\/\/wordpress1724238.home.pl\/autoinstalator\/wordpressplus1\/wp-content\/uploads\/2022\/05\/pobierz-300x127.png 300w\" sizes=\"(max-width: 141px) 100vw, 141px\" \/><\/a><\/p>\n\n","protected":false},"excerpt":{"rendered":"<p>ZESP\u00d3\u0141 SZK\u00d3\u0141 NR 2IM. KS. WARCIS\u0141AWA IV UL. 1-GO MAJA 22 78-400 SZCZECINEKsekretariat: +48 94 3740246 lub +48 943714184internat: +48<\/p>\n","protected":false},"author":1,"featured_media":0,"parent":0,"menu_order":0,"comment_status":"closed","ping_status":"closed","template":"","meta":{"colormag_page_container_layout":"default_layout","colormag_page_sidebar_layout":"default_layout","_mc_calendar":[],"footnotes":""},"class_list":["post-75","page","type-page","status-publish","hentry"],"_links":{"self":[{"href":"https:\/\/wordpress1724238.home.pl\/autoinstalator\/wordpressplus1\/wp-json\/wp\/v2\/pages\/75","targetHints":{"allow":["GET"]}}],"collection":[{"href":"https:\/\/wordpress1724238.home.pl\/autoinstalator\/wordpressplus1\/wp-json\/wp\/v2\/pages"}],"about":[{"href":"https:\/\/wordpress1724238.home.pl\/autoinstalator\/wordpressplus1\/wp-json\/wp\/v2\/types\/page"}],"author":[{"embeddable":true,"href":"https:\/\/wordpress1724238.home.pl\/autoinstalator\/wordpressplus1\/wp-json\/wp\/v2\/users\/1"}],"replies":[{"embeddable":true,"href":"https:\/\/wordpress1724238.home.pl\/autoinstalator\/wordpressplus1\/wp-json\/wp\/v2\/comments?post=75"}],"version-history":[{"count":14,"href":"https:\/\/wordpress1724238.home.pl\/autoinstalator\/wordpressplus1\/wp-json\/wp\/v2\/pages\/75\/revisions"}],"predecessor-version":[{"id":2943,"href":"https:\/\/wordpress1724238.home.pl\/autoinstalator\/wordpressplus1\/wp-json\/wp\/v2\/pages\/75\/revisions\/2943"}],"wp:attachment":[{"href":"https:\/\/wordpress1724238.home.pl\/autoinstalator\/wordpressplus1\/wp-json\/wp\/v2\/media?parent=75"}],"curies":[{"name":"wp","href":"https:\/\/api.w.org\/{rel}","templated":true}]}}